{"id":786,"date":"2023-10-07T09:52:53","date_gmt":"2023-10-07T09:52:53","guid":{"rendered":"https:\/\/cerramientosaluminiopvc.com\/?page_id=786"},"modified":"2023-10-07T10:17:56","modified_gmt":"2023-10-07T10:17:56","slug":"kit-digital","status":"publish","type":"page","link":"https:\/\/cerramientosaluminiopvc.com\/es\/kit-digital\/","title":{"rendered":"Kit Digital"},"content":{"rendered":"<div class=\"fusion-fullwidth fullwidth-box fusion-builder-row-1 fusion-flex-container has-pattern-background has-mask-background nonhundred-percent-fullwidth non-hundred-percent-height-scrolling\" style=\"--awb-border-radius-top-left:0px;--awb-border-radius-top-right:0px;--awb-border-radius-bottom-right:0px;--awb-border-radius-bottom-left:0px;--awb-flex-wrap:wrap;\" ><div class=\"fusion-builder-row fusion-row fusion-flex-align-items-flex-start fusion-flex-content-wrap\" style=\"max-width:1248px;margin-left: calc(-4% \/ 2 );margin-right: calc(-4% \/ 2 );\"><div class=\"fusion-layout-column fusion_builder_column fusion-builder-column-0 fusion_builder_column_1_1 1_1 fusion-flex-column\" style=\"--awb-bg-size:cover;--awb-width-large:100%;--awb-margin-top-large:0px;--awb-spacing-right-large:1.92%;--awb-margin-bottom-large:20px;--awb-spacing-left-large:1.92%;--awb-width-medium:100%;--awb-order-medium:0;--awb-spacing-right-medium:1.92%;--awb-spacing-left-medium:1.92%;--awb-width-small:100%;--awb-order-small:0;--awb-spacing-right-small:1.92%;--awb-spacing-left-small:1.92%;\"><div class=\"fusion-column-wrapper fusion-column-has-shadow fusion-flex-justify-content-flex-start fusion-content-layout-column\"><div class=\"fusion-title title fusion-title-1 fusion-sep-none fusion-title-text fusion-title-size-one\" style=\"--awb-margin-top-small:10px;--awb-margin-right-small:0px;--awb-margin-bottom-small:10px;--awb-margin-left-small:0px;\"><h1 class=\"fusion-title-heading title-heading-left\" style=\"margin:0;\">Kit Digital<\/h1><\/div><div class=\"fusion-text fusion-text-1 fusion-text-no-margin\" style=\"--awb-margin-top:40px;--awb-margin-bottom:40px;\"><p>Financiado por la Uni\u00f3n Europea \u2013 NextGenerationEU. Sin embargo, los puntos de vista y las opiniones expresadas son \u00fanicamente los del autor o autores y no reflejan necesariamente los de la Uni\u00f3n Europea o la Comisi\u00f3n Europea. Ni la Uni\u00f3n Europea ni la Comisi\u00f3n Europea pueden ser consideradas responsables de las mismas<\/p>\n<\/div><div class=\"fusion-image-element \" style=\"--awb-caption-title-font-family:var(--h2_typography-font-family);--awb-caption-title-font-weight:var(--h2_typography-font-weight);--awb-caption-title-font-style:var(--h2_typography-font-style);--awb-caption-title-size:var(--h2_typography-font-size);--awb-caption-title-transform:var(--h2_typography-text-transform);--awb-caption-title-line-height:var(--h2_typography-line-height);--awb-caption-title-letter-spacing:var(--h2_typography-letter-spacing);\"><span class=\" fusion-imageframe imageframe-none imageframe-1 hover-type-none\"><img decoding=\"async\" width=\"2048\" height=\"237\" alt=\"kit-digital-logo2064x239-2048x237-1\" title=\"kit-digital-logo2064x239-2048&#215;237-1\" src=\"https:\/\/cerramientosaluminiopvc.com\/wp-content\/uploads\/2023\/10\/kit-digital-logo2064x239-2048x237-1.png\" class=\"img-responsive wp-image-772\" srcset=\"https:\/\/cerramientosaluminiopvc.com\/wp-content\/uploads\/2023\/10\/kit-digital-logo2064x239-2048x237-1-200x23.png 200w, https:\/\/cerramientosaluminiopvc.com\/wp-content\/uploads\/2023\/10\/kit-digital-logo2064x239-2048x237-1-400x46.png 400w, https:\/\/cerramientosaluminiopvc.com\/wp-content\/uploads\/2023\/10\/kit-digital-logo2064x239-2048x237-1-600x69.png 600w, https:\/\/cerramientosaluminiopvc.com\/wp-content\/uploads\/2023\/10\/kit-digital-logo2064x239-2048x237-1-800x93.png 800w, https:\/\/cerramientosaluminiopvc.com\/wp-content\/uploads\/2023\/10\/kit-digital-logo2064x239-2048x237-1-1200x139.png 1200w, https:\/\/cerramientosaluminiopvc.com\/wp-content\/uploads\/2023\/10\/kit-digital-logo2064x239-2048x237-1.png 2048w\" sizes=\"(max-width: 640px) 100vw, 1200px\" \/><\/span><\/div><\/div><\/div><\/div><\/div>\n","protected":false},"excerpt":{"rendered":"","protected":false},"author":2,"featured_media":0,"parent":0,"menu_order":0,"comment_status":"closed","ping_status":"closed","template":"","meta":{"footnotes":""},"class_list":["post-786","page","type-page","status-publish","hentry"],"yoast_head":"<!-- This site is optimized with the Yoast SEO plugin v27.5 - https:\/\/yoast.com\/product\/yoast-seo-wordpress\/ -->\n<title>Kit Digital - Tancaments - Comertec<\/title>\n<meta name=\"robots\" content=\"index, follow, max-snippet:-1, max-image-preview:large, max-video-preview:-1\" \/>\n<link rel=\"canonical\" href=\"https:\/\/cerramientosaluminiopvc.com\/es\/kit-digital\/\" \/>\n<meta property=\"og:locale\" content=\"es_ES\" \/>\n<meta property=\"og:type\" content=\"article\" \/>\n<meta property=\"og:title\" content=\"Kit Digital - Tancaments - Comertec\" \/>\n<meta property=\"og:url\" content=\"https:\/\/cerramientosaluminiopvc.com\/es\/kit-digital\/\" \/>\n<meta property=\"og:site_name\" content=\"Tancaments - Comertec\" \/>\n<meta property=\"article:modified_time\" content=\"2023-10-07T10:17:56+00:00\" \/>\n<meta name=\"twitter:card\" content=\"summary_large_image\" \/>\n<meta name=\"twitter:label1\" content=\"Tiempo de lectura\" \/>\n\t<meta name=\"twitter:data1\" content=\"4 minutos\" \/>\n<script type=\"application\/ld+json\" class=\"yoast-schema-graph\">{\"@context\":\"https:\\\/\\\/schema.org\",\"@graph\":[{\"@type\":\"WebPage\",\"@id\":\"https:\\\/\\\/cerramientosaluminiopvc.com\\\/es\\\/kit-digital\\\/\",\"url\":\"https:\\\/\\\/cerramientosaluminiopvc.com\\\/es\\\/kit-digital\\\/\",\"name\":\"Kit Digital - Tancaments - Comertec\",\"isPartOf\":{\"@id\":\"https:\\\/\\\/cerramientosaluminiopvc.com\\\/es\\\/#website\"},\"datePublished\":\"2023-10-07T09:52:53+00:00\",\"dateModified\":\"2023-10-07T10:17:56+00:00\",\"breadcrumb\":{\"@id\":\"https:\\\/\\\/cerramientosaluminiopvc.com\\\/es\\\/kit-digital\\\/#breadcrumb\"},\"inLanguage\":\"es\",\"potentialAction\":[{\"@type\":\"ReadAction\",\"target\":[\"https:\\\/\\\/cerramientosaluminiopvc.com\\\/es\\\/kit-digital\\\/\"]}]},{\"@type\":\"BreadcrumbList\",\"@id\":\"https:\\\/\\\/cerramientosaluminiopvc.com\\\/es\\\/kit-digital\\\/#breadcrumb\",\"itemListElement\":[{\"@type\":\"ListItem\",\"position\":1,\"name\":\"Portada\",\"item\":\"https:\\\/\\\/cerramientosaluminiopvc.com\\\/es\\\/\"},{\"@type\":\"ListItem\",\"position\":2,\"name\":\"Kit Digital\"}]},{\"@type\":\"WebSite\",\"@id\":\"https:\\\/\\\/cerramientosaluminiopvc.com\\\/es\\\/#website\",\"url\":\"https:\\\/\\\/cerramientosaluminiopvc.com\\\/es\\\/\",\"name\":\"Tancaments - Comertec\",\"description\":\"Tancaments d&#039;alumini i pvc girona\",\"publisher\":{\"@id\":\"https:\\\/\\\/cerramientosaluminiopvc.com\\\/es\\\/#organization\"},\"potentialAction\":[{\"@type\":\"SearchAction\",\"target\":{\"@type\":\"EntryPoint\",\"urlTemplate\":\"https:\\\/\\\/cerramientosaluminiopvc.com\\\/es\\\/?s={search_term_string}\"},\"query-input\":{\"@type\":\"PropertyValueSpecification\",\"valueRequired\":true,\"valueName\":\"search_term_string\"}}],\"inLanguage\":\"es\"},{\"@type\":\"Organization\",\"@id\":\"https:\\\/\\\/cerramientosaluminiopvc.com\\\/es\\\/#organization\",\"name\":\"Tancaments - Comertec\",\"url\":\"https:\\\/\\\/cerramientosaluminiopvc.com\\\/es\\\/\",\"logo\":{\"@type\":\"ImageObject\",\"inLanguage\":\"es\",\"@id\":\"https:\\\/\\\/cerramientosaluminiopvc.com\\\/es\\\/#\\\/schema\\\/logo\\\/image\\\/\",\"url\":\"https:\\\/\\\/cerramientosaluminiopvc.com\\\/wp-content\\\/uploads\\\/2023\\\/09\\\/Isotip_Comertec.png\",\"contentUrl\":\"https:\\\/\\\/cerramientosaluminiopvc.com\\\/wp-content\\\/uploads\\\/2023\\\/09\\\/Isotip_Comertec.png\",\"width\":638,\"height\":640,\"caption\":\"Tancaments - Comertec\"},\"image\":{\"@id\":\"https:\\\/\\\/cerramientosaluminiopvc.com\\\/es\\\/#\\\/schema\\\/logo\\\/image\\\/\"}}]}<\/script>\n<!-- \/ Yoast SEO plugin. -->","yoast_head_json":{"title":"Kit Digital - Tancaments - Comertec","robots":{"index":"index","follow":"follow","max-snippet":"max-snippet:-1","max-image-preview":"max-image-preview:large","max-video-preview":"max-video-preview:-1"},"canonical":"https:\/\/cerramientosaluminiopvc.com\/es\/kit-digital\/","og_locale":"es_ES","og_type":"article","og_title":"Kit Digital - Tancaments - Comertec","og_url":"https:\/\/cerramientosaluminiopvc.com\/es\/kit-digital\/","og_site_name":"Tancaments - Comertec","article_modified_time":"2023-10-07T10:17:56+00:00","twitter_card":"summary_large_image","twitter_misc":{"Tiempo de lectura":"4 minutos"},"schema":{"@context":"https:\/\/schema.org","@graph":[{"@type":"WebPage","@id":"https:\/\/cerramientosaluminiopvc.com\/es\/kit-digital\/","url":"https:\/\/cerramientosaluminiopvc.com\/es\/kit-digital\/","name":"Kit Digital - Tancaments - Comertec","isPartOf":{"@id":"https:\/\/cerramientosaluminiopvc.com\/es\/#website"},"datePublished":"2023-10-07T09:52:53+00:00","dateModified":"2023-10-07T10:17:56+00:00","breadcrumb":{"@id":"https:\/\/cerramientosaluminiopvc.com\/es\/kit-digital\/#breadcrumb"},"inLanguage":"es","potentialAction":[{"@type":"ReadAction","target":["https:\/\/cerramientosaluminiopvc.com\/es\/kit-digital\/"]}]},{"@type":"BreadcrumbList","@id":"https:\/\/cerramientosaluminiopvc.com\/es\/kit-digital\/#breadcrumb","itemListElement":[{"@type":"ListItem","position":1,"name":"Portada","item":"https:\/\/cerramientosaluminiopvc.com\/es\/"},{"@type":"ListItem","position":2,"name":"Kit Digital"}]},{"@type":"WebSite","@id":"https:\/\/cerramientosaluminiopvc.com\/es\/#website","url":"https:\/\/cerramientosaluminiopvc.com\/es\/","name":"Tancaments - Comertec","description":"Tancaments d&#039;alumini i pvc girona","publisher":{"@id":"https:\/\/cerramientosaluminiopvc.com\/es\/#organization"},"potentialAction":[{"@type":"SearchAction","target":{"@type":"EntryPoint","urlTemplate":"https:\/\/cerramientosaluminiopvc.com\/es\/?s={search_term_string}"},"query-input":{"@type":"PropertyValueSpecification","valueRequired":true,"valueName":"search_term_string"}}],"inLanguage":"es"},{"@type":"Organization","@id":"https:\/\/cerramientosaluminiopvc.com\/es\/#organization","name":"Tancaments - Comertec","url":"https:\/\/cerramientosaluminiopvc.com\/es\/","logo":{"@type":"ImageObject","inLanguage":"es","@id":"https:\/\/cerramientosaluminiopvc.com\/es\/#\/schema\/logo\/image\/","url":"https:\/\/cerramientosaluminiopvc.com\/wp-content\/uploads\/2023\/09\/Isotip_Comertec.png","contentUrl":"https:\/\/cerramientosaluminiopvc.com\/wp-content\/uploads\/2023\/09\/Isotip_Comertec.png","width":638,"height":640,"caption":"Tancaments - Comertec"},"image":{"@id":"https:\/\/cerramientosaluminiopvc.com\/es\/#\/schema\/logo\/image\/"}}]}},"_links":{"self":[{"href":"https:\/\/cerramientosaluminiopvc.com\/es\/wp-json\/wp\/v2\/pages\/786","targetHints":{"allow":["GET"]}}],"collection":[{"href":"https:\/\/cerramientosaluminiopvc.com\/es\/wp-json\/wp\/v2\/pages"}],"about":[{"href":"https:\/\/cerramientosaluminiopvc.com\/es\/wp-json\/wp\/v2\/types\/page"}],"author":[{"embeddable":true,"href":"https:\/\/cerramientosaluminiopvc.com\/es\/wp-json\/wp\/v2\/users\/2"}],"replies":[{"embeddable":true,"href":"https:\/\/cerramientosaluminiopvc.com\/es\/wp-json\/wp\/v2\/comments?post=786"}],"version-history":[{"count":1,"href":"https:\/\/cerramientosaluminiopvc.com\/es\/wp-json\/wp\/v2\/pages\/786\/revisions"}],"predecessor-version":[{"id":787,"href":"https:\/\/cerramientosaluminiopvc.com\/es\/wp-json\/wp\/v2\/pages\/786\/revisions\/787"}],"wp:attachment":[{"href":"https:\/\/cerramientosaluminiopvc.com\/es\/wp-json\/wp\/v2\/media?parent=786"}],"curies":[{"name":"wp","href":"https:\/\/api.w.org\/{rel}","templated":true}]}}